{"id":17,"date":"2026-03-19T13:55:09","date_gmt":"2026-03-19T13:55:09","guid":{"rendered":"https:\/\/elrecree.com\/?page_id=17"},"modified":"2026-04-10T12:11:40","modified_gmt":"2026-04-10T12:11:40","slug":"accueil","status":"publish","type":"page","link":"https:\/\/elrecree.com\/","title":{"rendered":"Bienvenue dans mon univers !"},"content":{"rendered":"\n<h2 class=\"wp-block-heading has-text-align-center\">Boutique en ligne<\/h2>\n\n\n\n<div class=\"wp-block-buttons alignfull is-content-justification-center is-layout-flex wp-container-core-buttons-is-layout-5e6b19ed wp-block-buttons-is-layout-flex\">\n<div class=\"wp-block-button is-style-fill\"><a class=\"wp-block-button__link has-black-color has-white-background-color has-text-color has-background has-link-color wp-element-button\" href=\"https:\/\/elrecree.com\/index.php\/boutique\/\">Voir les collections \ud83d\udc49<\/a><\/div>\n<\/div>\n\n\n\n<div style=\"height:54px\" aria-hidden=\"true\" class=\"wp-block-spacer\"><\/div>\n\n\n\n<div class=\"wp-block-columns are-vertically-aligned-center is-layout-flex wp-container-core-columns-is-layout-9d6595d7 wp-block-columns-is-layout-flex\">\n<div class=\"wp-block-column is-vertically-aligned-center is-layout-flow wp-block-column-is-layout-flow\"><div class=\"wp-block-image is-style-rounded\">\n<figure class=\"aligncenter size-full is-resized\"><a href=\"https:\/\/elrecree.com\/index.php\/mes-creations\/\"><img loading=\"lazy\" decoding=\"async\" width=\"800\" height=\"800\" src=\"https:\/\/elrecree.com\/wp-content\/uploads\/2026\/04\/Mes-creations-_ELrecree.png\" alt=\"\" class=\"wp-image-169\" style=\"width:189px;height:auto\" srcset=\"https:\/\/elrecree.com\/wp-content\/uploads\/2026\/04\/Mes-creations-_ELrecree.png 800w, https:\/\/elrecree.com\/wp-content\/uploads\/2026\/04\/Mes-creations-_ELrecree-300x300.png 300w, https:\/\/elrecree.com\/wp-content\/uploads\/2026\/04\/Mes-creations-_ELrecree-150x150.png 150w, https:\/\/elrecree.com\/wp-content\/uploads\/2026\/04\/Mes-creations-_ELrecree-768x768.png 768w, https:\/\/elrecree.com\/wp-content\/uploads\/2026\/04\/Mes-creations-_ELrecree-600x600.png 600w, https:\/\/elrecree.com\/wp-content\/uploads\/2026\/04\/Mes-creations-_ELrecree-100x100.png 100w\" sizes=\"auto, (max-width: 800px) 100vw, 800px\" \/><\/a><\/figure>\n<\/div>\n\n\n<h2 class=\"wp-block-heading has-text-align-center\">Mes cr\u00e9ations<\/h2>\n<\/div>\n\n\n\n<div class=\"wp-block-column is-vertically-aligned-center is-layout-flow wp-block-column-is-layout-flow\"><div class=\"wp-block-image is-style-rounded\">\n<figure class=\"aligncenter size-full is-resized\"><a href=\"https:\/\/elrecree.com\/index.php\/lieux-de-ventes\/\"><img loading=\"lazy\" decoding=\"async\" width=\"800\" height=\"800\" src=\"https:\/\/elrecree.com\/wp-content\/uploads\/2026\/04\/Lieux-de-ventes_ELrecree.png\" alt=\"\" class=\"wp-image-170\" style=\"width:187px;height:auto\" srcset=\"https:\/\/elrecree.com\/wp-content\/uploads\/2026\/04\/Lieux-de-ventes_ELrecree.png 800w, https:\/\/elrecree.com\/wp-content\/uploads\/2026\/04\/Lieux-de-ventes_ELrecree-300x300.png 300w, https:\/\/elrecree.com\/wp-content\/uploads\/2026\/04\/Lieux-de-ventes_ELrecree-150x150.png 150w, https:\/\/elrecree.com\/wp-content\/uploads\/2026\/04\/Lieux-de-ventes_ELrecree-768x768.png 768w, https:\/\/elrecree.com\/wp-content\/uploads\/2026\/04\/Lieux-de-ventes_ELrecree-600x600.png 600w, https:\/\/elrecree.com\/wp-content\/uploads\/2026\/04\/Lieux-de-ventes_ELrecree-100x100.png 100w\" sizes=\"auto, (max-width: 800px) 100vw, 800px\" \/><\/a><\/figure>\n<\/div>\n\n\n<h2 class=\"wp-block-heading has-text-align-center\">Lieux de ventes<\/h2>\n<\/div>\n\n\n\n<div class=\"wp-block-column is-vertically-aligned-center is-layout-flow wp-block-column-is-layout-flow\"><div class=\"wp-block-image is-style-rounded\">\n<figure class=\"aligncenter size-full is-resized\"><a href=\"https:\/\/elrecree.com\/index.php\/services\/\"><img loading=\"lazy\" decoding=\"async\" width=\"800\" height=\"800\" src=\"https:\/\/elrecree.com\/wp-content\/uploads\/2026\/04\/Mes-services_ELrecree-1.png\" alt=\"\" class=\"wp-image-173\" style=\"width:187px;height:auto\" srcset=\"https:\/\/elrecree.com\/wp-content\/uploads\/2026\/04\/Mes-services_ELrecree-1.png 800w, https:\/\/elrecree.com\/wp-content\/uploads\/2026\/04\/Mes-services_ELrecree-1-300x300.png 300w, https:\/\/elrecree.com\/wp-content\/uploads\/2026\/04\/Mes-services_ELrecree-1-150x150.png 150w, https:\/\/elrecree.com\/wp-content\/uploads\/2026\/04\/Mes-services_ELrecree-1-768x768.png 768w, https:\/\/elrecree.com\/wp-content\/uploads\/2026\/04\/Mes-services_ELrecree-1-600x600.png 600w, https:\/\/elrecree.com\/wp-content\/uploads\/2026\/04\/Mes-services_ELrecree-1-100x100.png 100w\" sizes=\"auto, (max-width: 800px) 100vw, 800px\" \/><\/a><\/figure>\n<\/div>\n\n\n<h2 class=\"wp-block-heading has-text-align-center\">Services<\/h2>\n<\/div>\n<\/div>\n\n\n\n<div style=\"height:64px\" aria-hidden=\"true\" class=\"wp-block-spacer\"><\/div>\n\n\n\n<h2 class=\"wp-block-heading\">Qui est ELrecr\u00e9e ?<\/h2>\n\n\n\n<div class=\"wp-block-columns is-layout-flex wp-container-core-columns-is-layout-9d6595d7 wp-block-columns-is-layout-flex\">\n<div class=\"wp-block-column is-layout-flow wp-block-column-is-layout-flow\" style=\"flex-basis:66.66%\">\n<p><br><em>\u00ab\u00a0Je voulais cr\u00e9er des v\u00eatements, finalement je pars des v\u00eatements pour cr\u00e9er des accessoires. La boucle est boucl\u00e9e !\u00a0\u00bb<\/em><br><br>Passionn\u00e9e par les arts et la mode depuis l\u2019enfance, j\u2019ai grandi au milieu des fils et des aiguilles, guid\u00e9e par une maman et une grand-m\u00e8re couturi\u00e8res.<br>Apr\u00e8s un Bac+3 en textile technique, j\u2019ai exerc\u00e9 mon savoir-faire dans des univers exigeants comme l\u2019\u00e9quipement moto et le domaine militaire.<br>Aujourd\u2019hui, j\u2019utilise cette rigueur technique pour donner une nouvelle vie aux mati\u00e8res oubli\u00e9es.<br><br><strong>Mon engagement :<\/strong> Contribuer \u00e0 la r\u00e9duction des d\u00e9ch\u00eats textiles en donnant une seconde vie aux v\u00eatements.<\/p>\n\n\n\n<div class=\"wp-block-buttons is-content-justification-right is-layout-flex wp-container-core-buttons-is-layout-765c4724 wp-block-buttons-is-layout-flex\">\n<div class=\"wp-block-button is-style-fill\"><a class=\"wp-block-button__link has-black-color has-white-background-color has-text-color has-background has-link-color wp-element-button\" href=\"https:\/\/elrecree.com\/index.php\/qui-suis-je\/\">Lire la suite \ud83d\udc49<\/a><\/div>\n<\/div>\n<\/div>\n\n\n\n<div class=\"wp-block-column is-layout-flow wp-block-column-is-layout-flow\" style=\"flex-basis:33.33%\">\n<figure class=\"wp-block-image size-large\"><img loading=\"lazy\" decoding=\"async\" width=\"683\" height=\"1024\" src=\"https:\/\/elrecree.com\/wp-content\/uploads\/2026\/04\/ELrecree-1-683x1024.jpg\" alt=\"\" class=\"wp-image-176\" srcset=\"https:\/\/elrecree.com\/wp-content\/uploads\/2026\/04\/ELrecree-1-683x1024.jpg 683w, https:\/\/elrecree.com\/wp-content\/uploads\/2026\/04\/ELrecree-1-200x300.jpg 200w, https:\/\/elrecree.com\/wp-content\/uploads\/2026\/04\/ELrecree-1-600x900.jpg 600w, https:\/\/elrecree.com\/wp-content\/uploads\/2026\/04\/ELrecree-1.jpg 720w\" sizes=\"auto, (max-width: 683px) 100vw, 683px\" \/><\/figure>\n<\/div>\n<\/div>\n\n\n\n<p><\/p>\n\n\n\n<p><\/p>\n\n\n\n<p><\/p>\n\n\n\n<p><\/p>\n\n\n<pre class=\"ti-widget\"><template id=\"trustindex-google-widget-html\"><div class=\" ti-widget  ti-goog ti-review-text-mode-readmore ti-text-align-left ti-custom-stars\" data-no-translation=\"true\" data-plugin-version=\"13.2.8\" data-layout-id=\"4\" data-layout-category=\"slider\" data-set-id=\"trustindex-style\" data-pid=\"\" data-language=\"fr\" data-close-locale=\"Fermer\" data-review-target-width=\"300\" data-css-version=\"2\" data-reply-by-locale=\"R\u00e9ponse du propri\u00e9taire\" data-only-rating-locale=\"Cet utilisateur a uniquement laiss\u00e9 une \u00e9valuation.\" data-pager-autoplay-timeout=\"6\"> <div class=\"ti-widget-container ti-col-3\"> <div class=\"ti-reviews-container\"> <div class=\"ti-controls\"> <div class=\"ti-next\" aria-label=\"Avis suivante\" role=\"button\" tabindex=\"0\"><\/div> <div class=\"ti-prev\" aria-label=\"Avis pr\u00e9c\u00e9dent\" role=\"button\" tabindex=\"0\"><\/div> <\/div> <div class=\"ti-reviews-container-wrapper\">  <div data-empty=\"0\" class=\"ti-review-item source-Google ti-image-layout-thumbnail\" data-id=\"cfcd208495d565ef66e7dff9f98764da\"> <div class=\"ti-inner\"> <div class=\"ti-review-header\"> <div class=\"ti-platform-icon ti-with-tooltip\"> <span class=\"ti-tooltip\">Publi\u00e9 sur <\/span> <trustindex-image data-imgurl=\"https:\/\/cdn.trustindex.io\/assets\/platform\/Google\/icon.svg\" alt=\"\" width=\"20\" height=\"20\" loading=\"lazy\"><\/trustindex-image> <\/div> <div class=\"ti-profile-img\"> <trustindex-image data-imgurl=\"https:\/\/lh3.googleusercontent.com\/a\/ACg8ocIWJ8v9dihjkzISdUNAnWMv41N8iEO4VYweuMqz_pCIOFIycg=w40-h40-c-rp-mo-br100\" alt=\"Sylvie Lamouche profile picture\" loading=\"lazy\"><\/trustindex-image> <\/div> <div class=\"ti-profile-details\"> <div class=\"ti-name\"> Sylvie Lamouche <\/div> <div class=\"ti-date\"><\/div> <\/div> <\/div> <span class=\"ti-stars\"><span class=\"ti-star f\"><\/span><span class=\"ti-star f\"><\/span><span class=\"ti-star f\"><\/span><span class=\"ti-star f\"><\/span><span class=\"ti-star f\"><\/span><span class=\"ti-verified-review ti-verified-platform ti-color-black\"><span class=\"ti-verified-tooltip\">Trustindex v\u00e9rifie que la source originale de l'avis est Google.<\/span><\/span><\/span> <div class=\"ti-review-text-container ti-review-content\"><!-- R-CONTENT -->Une vraie artiste, me faire un vanity sur mesure avec de la r\u00e9cupe de tissus. Merci beaucoup il est magnifique<!-- R-CONTENT --><\/div> <span class=\"ti-read-more\" data-container=\".ti-review-content\" data-collapse-text=\"Cacher\" data-open-text=\"Lire la suite\"><\/span> <\/div> <\/div>  <div data-empty=\"0\" class=\"ti-review-item source-Google ti-image-layout-thumbnail\" data-id=\"cfcd208495d565ef66e7dff9f98764da\"> <div class=\"ti-inner\"> <div class=\"ti-review-header\"> <div class=\"ti-platform-icon ti-with-tooltip\"> <span class=\"ti-tooltip\">Publi\u00e9 sur <\/span> <trustindex-image data-imgurl=\"https:\/\/cdn.trustindex.io\/assets\/platform\/Google\/icon.svg\" alt=\"\" width=\"20\" height=\"20\" loading=\"lazy\"><\/trustindex-image> <\/div> <div class=\"ti-profile-img\"> <trustindex-image data-imgurl=\"https:\/\/lh3.googleusercontent.com\/a\/ACg8ocKIit47xlR5JlpEZLGWO907DucjshDkrij9HK3fgHWbjGHujw=w40-h40-c-rp-mo-br100\" alt=\"Marie-Edith C profile picture\" loading=\"lazy\"><\/trustindex-image> <\/div> <div class=\"ti-profile-details\"> <div class=\"ti-name\"> Marie-Edith C <\/div> <div class=\"ti-date\"><\/div> <\/div> <\/div> <span class=\"ti-stars\"><span class=\"ti-star f\"><\/span><span class=\"ti-star f\"><\/span><span class=\"ti-star f\"><\/span><span class=\"ti-star f\"><\/span><span class=\"ti-star f\"><\/span><span class=\"ti-verified-review ti-verified-platform ti-color-black\"><span class=\"ti-verified-tooltip\">Trustindex v\u00e9rifie que la source originale de l'avis est Google.<\/span><\/span><\/span> <div class=\"ti-review-text-container ti-review-content\"><!-- R-CONTENT -->Ravie de ma commande!\nElrecree a su la personnaliser avec go\u00fbt, harmonie et professionnalisme. Encore merci pour cette commande ''surprise'' pour une proche! \ud83d\ude09<!-- R-CONTENT --><\/div> <span class=\"ti-read-more\" data-container=\".ti-review-content\" data-collapse-text=\"Cacher\" data-open-text=\"Lire la suite\"><\/span> <\/div> <\/div>  <\/div> <div class=\"ti-controls-line\"> <div class=\"dot\"><\/div> <\/div> <\/div>    <\/div> <\/div> <\/template><\/pre><div data-src=\"https:\/\/cdn.trustindex.io\/loader.js?wp-widget\" data-template-id=\"trustindex-google-widget-html\" data-css-url=\"https:\/\/elrecree.com\/wp-content\/uploads\/trustindex-google-widget.css?1775224950\"><\/div>\n\n\n\n<p><\/p>\n","protected":false},"excerpt":{"rendered":"<p>Boutique en ligne Mes cr\u00e9ations Lieux de ventes Services Qui est ELrecr\u00e9e ? \u00ab\u00a0Je voulais cr\u00e9er des v\u00eatements, finalement je pars des v\u00eatements pour cr\u00e9er des accessoires. La boucle est boucl\u00e9e !\u00a0\u00bb Passionn\u00e9e par les arts et la mode depuis l\u2019enfance, j\u2019ai grandi au milieu des fils et des aiguilles, guid\u00e9e par une maman et [&hellip;]<\/p>\n","protected":false},"author":1,"featured_media":0,"parent":0,"menu_order":0,"comment_status":"closed","ping_status":"closed","template":"","meta":{"ocean_post_layout":"","ocean_both_sidebars_style":"","ocean_both_sidebars_content_width":0,"ocean_both_sidebars_sidebars_width":0,"ocean_sidebar":"","ocean_second_sidebar":"","ocean_disable_margins":"enable","ocean_add_body_class":"","ocean_shortcode_before_top_bar":"","ocean_shortcode_after_top_bar":"","ocean_shortcode_before_header":"","ocean_shortcode_after_header":"","ocean_has_shortcode":"","ocean_shortcode_after_title":"","ocean_shortcode_before_footer_widgets":"","ocean_shortcode_after_footer_widgets":"","ocean_shortcode_before_footer_bottom":"","ocean_shortcode_after_footer_bottom":"","ocean_display_top_bar":"default","ocean_display_header":"default","ocean_header_style":"","ocean_center_header_left_menu":"","ocean_custom_header_template":"","ocean_custom_logo":0,"ocean_custom_retina_logo":0,"ocean_custom_logo_max_width":0,"ocean_custom_logo_tablet_max_width":0,"ocean_custom_logo_mobile_max_width":0,"ocean_custom_logo_max_height":0,"ocean_custom_logo_tablet_max_height":0,"ocean_custom_logo_mobile_max_height":0,"ocean_header_custom_menu":"","ocean_menu_typo_font_family":"","ocean_menu_typo_font_subset":"","ocean_menu_typo_font_size":0,"ocean_menu_typo_font_size_tablet":0,"ocean_menu_typo_font_size_mobile":0,"ocean_menu_typo_font_size_unit":"px","ocean_menu_typo_font_weight":"","ocean_menu_typo_font_weight_tablet":"","ocean_menu_typo_font_weight_mobile":"","ocean_menu_typo_transform":"","ocean_menu_typo_transform_tablet":"","ocean_menu_typo_transform_mobile":"","ocean_menu_typo_line_height":0,"ocean_menu_typo_line_height_tablet":0,"ocean_menu_typo_line_height_mobile":0,"ocean_menu_typo_line_height_unit":"","ocean_menu_typo_spacing":0,"ocean_menu_typo_spacing_tablet":0,"ocean_menu_typo_spacing_mobile":0,"ocean_menu_typo_spacing_unit":"","ocean_menu_link_color":"","ocean_menu_link_color_hover":"","ocean_menu_link_color_active":"","ocean_menu_link_background":"","ocean_menu_link_hover_background":"","ocean_menu_link_active_background":"","ocean_menu_social_links_bg":"","ocean_menu_social_hover_links_bg":"","ocean_menu_social_links_color":"","ocean_menu_social_hover_links_color":"","ocean_disable_title":"enable","ocean_disable_heading":"default","ocean_post_title":"","ocean_post_subheading":"","ocean_post_title_style":"","ocean_post_title_background_color":"","ocean_post_title_background":0,"ocean_post_title_bg_image_position":"","ocean_post_title_bg_image_attachment":"","ocean_post_title_bg_image_repeat":"","ocean_post_title_bg_image_size":"","ocean_post_title_height":0,"ocean_post_title_bg_overlay":0.5,"ocean_post_title_bg_overlay_color":"","ocean_disable_breadcrumbs":"default","ocean_breadcrumbs_color":"","ocean_breadcrumbs_separator_color":"","ocean_breadcrumbs_links_color":"","ocean_breadcrumbs_links_hover_color":"","ocean_display_footer_widgets":"default","ocean_display_footer_bottom":"default","ocean_custom_footer_template":"","footnotes":""},"class_list":["post-17","page","type-page","status-publish","hentry","entry","owp-thumbs-layout-horizontal","owp-btn-normal","owp-tabs-layout-horizontal","has-no-thumbnails","has-product-nav"],"yoast_head":"<!-- This site is optimized with the Yoast SEO plugin v27.4 - https:\/\/yoast.com\/product\/yoast-seo-wordpress\/ -->\n<title>Bienvenue dans mon univers ! - ELrecr\u00e9e<\/title>\n<meta name=\"robots\" content=\"index, follow, max-snippet:-1, max-image-preview:large, max-video-preview:-1\" \/>\n<link rel=\"canonical\" href=\"https:\/\/elrecree.com\/\" \/>\n<meta property=\"og:locale\" content=\"fr_FR\" \/>\n<meta property=\"og:type\" content=\"article\" \/>\n<meta property=\"og:title\" content=\"Bienvenue dans mon univers ! - ELrecr\u00e9e\" \/>\n<meta property=\"og:description\" content=\"Boutique en ligne Mes cr\u00e9ations Lieux de ventes Services Qui est ELrecr\u00e9e ? \u00ab\u00a0Je voulais cr\u00e9er des v\u00eatements, finalement je pars des v\u00eatements pour cr\u00e9er des accessoires. La boucle est boucl\u00e9e !\u00a0\u00bb Passionn\u00e9e par les arts et la mode depuis l\u2019enfance, j\u2019ai grandi au milieu des fils et des aiguilles, guid\u00e9e par une maman et [&hellip;]\" \/>\n<meta property=\"og:url\" content=\"https:\/\/elrecree.com\/\" \/>\n<meta property=\"og:site_name\" content=\"ELrecr\u00e9e\" \/>\n<meta property=\"article:modified_time\" content=\"2026-04-10T12:11:40+00:00\" \/>\n<meta property=\"og:image\" content=\"https:\/\/elrecree.com\/wp-content\/uploads\/2026\/04\/Mes-creations-_ELrecree.png\" \/>\n\t<meta property=\"og:image:width\" content=\"800\" \/>\n\t<meta property=\"og:image:height\" content=\"800\" \/>\n\t<meta property=\"og:image:type\" content=\"image\/png\" \/>\n<meta name=\"twitter:card\" content=\"summary_large_image\" \/>\n<meta name=\"twitter:label1\" content=\"Dur\u00e9e de lecture estim\u00e9e\" \/>\n\t<meta name=\"twitter:data1\" content=\"2 minutes\" \/>\n<script type=\"application\/ld+json\" class=\"yoast-schema-graph\">{\"@context\":\"https:\\\/\\\/schema.org\",\"@graph\":[{\"@type\":\"WebPage\",\"@id\":\"https:\\\/\\\/elrecree.com\\\/\",\"url\":\"https:\\\/\\\/elrecree.com\\\/\",\"name\":\"Bienvenue dans mon univers ! - ELrecr\u00e9e\",\"isPartOf\":{\"@id\":\"https:\\\/\\\/elrecree.com\\\/#website\"},\"primaryImageOfPage\":{\"@id\":\"https:\\\/\\\/elrecree.com\\\/#primaryimage\"},\"image\":{\"@id\":\"https:\\\/\\\/elrecree.com\\\/#primaryimage\"},\"thumbnailUrl\":\"https:\\\/\\\/elrecree.com\\\/wp-content\\\/uploads\\\/2026\\\/04\\\/Mes-creations-_ELrecree.png\",\"datePublished\":\"2026-03-19T13:55:09+00:00\",\"dateModified\":\"2026-04-10T12:11:40+00:00\",\"breadcrumb\":{\"@id\":\"https:\\\/\\\/elrecree.com\\\/#breadcrumb\"},\"inLanguage\":\"fr-FR\",\"potentialAction\":[{\"@type\":\"ReadAction\",\"target\":[\"https:\\\/\\\/elrecree.com\\\/\"]}]},{\"@type\":\"ImageObject\",\"inLanguage\":\"fr-FR\",\"@id\":\"https:\\\/\\\/elrecree.com\\\/#primaryimage\",\"url\":\"https:\\\/\\\/elrecree.com\\\/wp-content\\\/uploads\\\/2026\\\/04\\\/Mes-creations-_ELrecree.png\",\"contentUrl\":\"https:\\\/\\\/elrecree.com\\\/wp-content\\\/uploads\\\/2026\\\/04\\\/Mes-creations-_ELrecree.png\",\"width\":800,\"height\":800},{\"@type\":\"BreadcrumbList\",\"@id\":\"https:\\\/\\\/elrecree.com\\\/#breadcrumb\",\"itemListElement\":[{\"@type\":\"ListItem\",\"position\":1,\"name\":\"Accueil\",\"item\":\"https:\\\/\\\/elrecree.com\\\/\"},{\"@type\":\"ListItem\",\"position\":2,\"name\":\"Bienvenue dans mon univers !\"}]},{\"@type\":\"WebSite\",\"@id\":\"https:\\\/\\\/elrecree.com\\\/#website\",\"url\":\"https:\\\/\\\/elrecree.com\\\/\",\"name\":\"ELrecr\u00e9e\",\"description\":\"\",\"publisher\":{\"@id\":\"https:\\\/\\\/elrecree.com\\\/#organization\"},\"potentialAction\":[{\"@type\":\"SearchAction\",\"target\":{\"@type\":\"EntryPoint\",\"urlTemplate\":\"https:\\\/\\\/elrecree.com\\\/?s={search_term_string}\"},\"query-input\":{\"@type\":\"PropertyValueSpecification\",\"valueRequired\":true,\"valueName\":\"search_term_string\"}}],\"inLanguage\":\"fr-FR\"},{\"@type\":\"Organization\",\"@id\":\"https:\\\/\\\/elrecree.com\\\/#organization\",\"name\":\"ELrecr\u00e9e\",\"url\":\"https:\\\/\\\/elrecree.com\\\/\",\"logo\":{\"@type\":\"ImageObject\",\"inLanguage\":\"fr-FR\",\"@id\":\"https:\\\/\\\/elrecree.com\\\/#\\\/schema\\\/logo\\\/image\\\/\",\"url\":\"https:\\\/\\\/elrecree.com\\\/wp-content\\\/uploads\\\/2026\\\/04\\\/ELrecree-_Logo.png\",\"contentUrl\":\"https:\\\/\\\/elrecree.com\\\/wp-content\\\/uploads\\\/2026\\\/04\\\/ELrecree-_Logo.png\",\"width\":802,\"height\":800,\"caption\":\"ELrecr\u00e9e\"},\"image\":{\"@id\":\"https:\\\/\\\/elrecree.com\\\/#\\\/schema\\\/logo\\\/image\\\/\"}}]}<\/script>\n<!-- \/ Yoast SEO plugin. -->","yoast_head_json":{"title":"Bienvenue dans mon univers ! - ELrecr\u00e9e","robots":{"index":"index","follow":"follow","max-snippet":"max-snippet:-1","max-image-preview":"max-image-preview:large","max-video-preview":"max-video-preview:-1"},"canonical":"https:\/\/elrecree.com\/","og_locale":"fr_FR","og_type":"article","og_title":"Bienvenue dans mon univers ! - ELrecr\u00e9e","og_description":"Boutique en ligne Mes cr\u00e9ations Lieux de ventes Services Qui est ELrecr\u00e9e ? \u00ab\u00a0Je voulais cr\u00e9er des v\u00eatements, finalement je pars des v\u00eatements pour cr\u00e9er des accessoires. La boucle est boucl\u00e9e !\u00a0\u00bb Passionn\u00e9e par les arts et la mode depuis l\u2019enfance, j\u2019ai grandi au milieu des fils et des aiguilles, guid\u00e9e par une maman et [&hellip;]","og_url":"https:\/\/elrecree.com\/","og_site_name":"ELrecr\u00e9e","article_modified_time":"2026-04-10T12:11:40+00:00","og_image":[{"width":800,"height":800,"url":"https:\/\/elrecree.com\/wp-content\/uploads\/2026\/04\/Mes-creations-_ELrecree.png","type":"image\/png"}],"twitter_card":"summary_large_image","twitter_misc":{"Dur\u00e9e de lecture estim\u00e9e":"2 minutes"},"schema":{"@context":"https:\/\/schema.org","@graph":[{"@type":"WebPage","@id":"https:\/\/elrecree.com\/","url":"https:\/\/elrecree.com\/","name":"Bienvenue dans mon univers ! - ELrecr\u00e9e","isPartOf":{"@id":"https:\/\/elrecree.com\/#website"},"primaryImageOfPage":{"@id":"https:\/\/elrecree.com\/#primaryimage"},"image":{"@id":"https:\/\/elrecree.com\/#primaryimage"},"thumbnailUrl":"https:\/\/elrecree.com\/wp-content\/uploads\/2026\/04\/Mes-creations-_ELrecree.png","datePublished":"2026-03-19T13:55:09+00:00","dateModified":"2026-04-10T12:11:40+00:00","breadcrumb":{"@id":"https:\/\/elrecree.com\/#breadcrumb"},"inLanguage":"fr-FR","potentialAction":[{"@type":"ReadAction","target":["https:\/\/elrecree.com\/"]}]},{"@type":"ImageObject","inLanguage":"fr-FR","@id":"https:\/\/elrecree.com\/#primaryimage","url":"https:\/\/elrecree.com\/wp-content\/uploads\/2026\/04\/Mes-creations-_ELrecree.png","contentUrl":"https:\/\/elrecree.com\/wp-content\/uploads\/2026\/04\/Mes-creations-_ELrecree.png","width":800,"height":800},{"@type":"BreadcrumbList","@id":"https:\/\/elrecree.com\/#breadcrumb","itemListElement":[{"@type":"ListItem","position":1,"name":"Accueil","item":"https:\/\/elrecree.com\/"},{"@type":"ListItem","position":2,"name":"Bienvenue dans mon univers !"}]},{"@type":"WebSite","@id":"https:\/\/elrecree.com\/#website","url":"https:\/\/elrecree.com\/","name":"ELrecr\u00e9e","description":"","publisher":{"@id":"https:\/\/elrecree.com\/#organization"},"potentialAction":[{"@type":"SearchAction","target":{"@type":"EntryPoint","urlTemplate":"https:\/\/elrecree.com\/?s={search_term_string}"},"query-input":{"@type":"PropertyValueSpecification","valueRequired":true,"valueName":"search_term_string"}}],"inLanguage":"fr-FR"},{"@type":"Organization","@id":"https:\/\/elrecree.com\/#organization","name":"ELrecr\u00e9e","url":"https:\/\/elrecree.com\/","logo":{"@type":"ImageObject","inLanguage":"fr-FR","@id":"https:\/\/elrecree.com\/#\/schema\/logo\/image\/","url":"https:\/\/elrecree.com\/wp-content\/uploads\/2026\/04\/ELrecree-_Logo.png","contentUrl":"https:\/\/elrecree.com\/wp-content\/uploads\/2026\/04\/ELrecree-_Logo.png","width":802,"height":800,"caption":"ELrecr\u00e9e"},"image":{"@id":"https:\/\/elrecree.com\/#\/schema\/logo\/image\/"}}]}},"_links":{"self":[{"href":"https:\/\/elrecree.com\/index.php\/wp-json\/wp\/v2\/pages\/17","targetHints":{"allow":["GET"]}}],"collection":[{"href":"https:\/\/elrecree.com\/index.php\/wp-json\/wp\/v2\/pages"}],"about":[{"href":"https:\/\/elrecree.com\/index.php\/wp-json\/wp\/v2\/types\/page"}],"author":[{"embeddable":true,"href":"https:\/\/elrecree.com\/index.php\/wp-json\/wp\/v2\/users\/1"}],"replies":[{"embeddable":true,"href":"https:\/\/elrecree.com\/index.php\/wp-json\/wp\/v2\/comments?post=17"}],"version-history":[{"count":19,"href":"https:\/\/elrecree.com\/index.php\/wp-json\/wp\/v2\/pages\/17\/revisions"}],"predecessor-version":[{"id":231,"href":"https:\/\/elrecree.com\/index.php\/wp-json\/wp\/v2\/pages\/17\/revisions\/231"}],"wp:attachment":[{"href":"https:\/\/elrecree.com\/index.php\/wp-json\/wp\/v2\/media?parent=17"}],"curies":[{"name":"wp","href":"https:\/\/api.w.org\/{rel}","templated":true}]}}