{"id":30,"date":"2026-03-19T14:18:06","date_gmt":"2026-03-19T14:18:06","guid":{"rendered":"https:\/\/elrecree.com\/?page_id=30"},"modified":"2026-04-10T13:42:05","modified_gmt":"2026-04-10T13:42:05","slug":"me-contacter","status":"publish","type":"page","link":"https:\/\/elrecree.com\/index.php\/me-contacter\/","title":{"rendered":"Me contacter"},"content":{"rendered":"\n<p class=\"has-black-color has-text-color has-link-color wp-elements-4126948a05db2a3952e4c2cfdf80caa8\" style=\"font-size:14px\">Vous avez une demande particuli\u00e8re?<br>Vous souhaitez redonner une seconde vie \u00e0 un v\u00eatement?<br>Un projet personnalis\u00e9?<br>Vous \u00eates au bon endroit pour me contacter! Je vous invite \u00e0 remplir ce formulaire ci-dessous.<br>Je prendrai le temps de vous r\u00e9pondre.<br><br>Si vous n\u2019avez pas de r\u00e9ponse de ma part, pensez \u00e0 v\u00e9rifier vos spams ou me contacter par t\u00e9l\u00e9phone.<\/p>\n\n\n\n<hr class=\"wp-block-separator has-text-color has-vivid-green-cyan-color has-alpha-channel-opacity has-vivid-green-cyan-background-color has-background is-style-default\"\/>\n\n\n\n<div class=\"wp-block-columns is-layout-flex wp-container-core-columns-is-layout-9d6595d7 wp-block-columns-is-layout-flex\">\n<div class=\"wp-block-column is-layout-flow wp-block-column-is-layout-flow\" style=\"flex-basis:66.66%\">\t\t\t<link rel=\"stylesheet\" property=\"stylesheet\" href=\"https:\/\/elrecree.com\/wp-content\/plugins\/happyforms\/bundles\/css\/frontend.css\" \/>\n\t\t\t\t<!-- HappyForms CSS variables -->\n\t<style>\n\t#happyforms-92 {\n\t\t--happyforms-part-title-font-size: 16px;\n--happyforms-part-description-font-size: 12px;\n--happyforms-part-value-font-size: 16px;\n--happyforms-submit-button-font-size: 16px;\n--happyforms-color-primary: #000000;\n--happyforms-color-success-notice: #e8e8e8;\n--happyforms-color-success-notice-text: #1eb452;\n--happyforms-color-error: #dd3333;\n--happyforms-color-error-notice: #dd3333;\n--happyforms-color-error-notice-text: #dd3333;\n--happyforms-color-part-title: #000000;\n--happyforms-color-part-value: #000000;\n--happyforms-color-part-placeholder: #000000;\n--happyforms-color-part-description: #000000;\n--happyforms-color-part-border: #6b6b6b;\n--happyforms-color-part-border-focus: #000000;\n--happyforms-color-part-background: #ffffff;\n--happyforms-color-part-background-focus: #ffffff;\n--happyforms-color-submit-background: #000000;\n--happyforms-color-submit-background-hover: #81d742;\n--happyforms-color-submit-border: #ededed;\n--happyforms-color-submit-text: #ffffff;\n--happyforms-color-submit-text-hover: #ffffff;\n--happyforms-color-table-row-odd: #fcfcfc;\n--happyforms-color-table-row-even: #efefef;\n--happyforms-color-table-row-odd-text: #000000;\n--happyforms-color-table-row-even-text: #000000;\n--happyforms-color-dropdown-item-bg: #ffffff;\n--happyforms-color-dropdown-item-text: #000000;\n--happyforms-color-dropdown-item-bg-hover: #f4f4f5;\n--happyforms-color-dropdown-item-text-hover: #000000;\n--happyforms-color-divider-hr: #cccccc;\n--happyforms-color-choice-checkmark-bg: #ffffff;\n--happyforms-color-choice-checkmark-bg-focus: #000000;\n--happyforms-color-choice-checkmark-color: #ffffff;\n\t}\n\t<\/style>\n\t<!-- End of HappyForms CSS variables -->\n\t\t<!-- HappyForms Additional CSS -->\n\t<style data-happyforms-additional-css>\n\t\t<\/style>\n\t<!-- End of HappyForms Additional CSS -->\n\t\t\t<link rel=\"stylesheet\" type=\"text\/css\" href=\"https:\/\/elrecree.com\/wp-content\/plugins\/happyforms\/core\/assets\/css\/no-interaction.css\">\n\t\t<div class=\"happyforms-form happyforms-styles happyforms-form--part-border-radius-square\" id=\"happyforms-92\">\n\t\t\n\t<form action=\"\" id=\"happyforms-form-92\" method=\"post\" novalidate=\"true\" autocomplete=\"off\">\n\t\t\t\t<input type=\"hidden\" name=\"happyforms_random_seed\" value=\"410360789\" \/>\n\t\t\n\t\t\t<input type=\"hidden\" name=\"action\" value=\"happyforms_message\">\n\t\t\t\t<input type=\"hidden\" name=\"client_referer\" value=\"\">\n\t\t\t\t<input type=\"hidden\" name=\"current_post_id\" value=\"\">\n\t\t\t\t<input type=\"hidden\" name=\"happyforms_form_id\" value=\"92\" \/>\n\t\t\t\t<input type=\"hidden\" name=\"happyforms_step\" value=\"0\" \/>\n\t\n\t\t<div class=\"happyforms-flex\">\n\t\t\t\t<label for=\"92-multi_line_text\" class=\"screen-reader-text\">Leave this field blank<\/label>\n\t<input type=\"text\" id=\"92-multi_line_text\" name=\"92-multi_line_text\" style=\"display: none;\" tabindex=\"-1\" autocomplete=\"off\" aria-hidden=\"true\">\n\t\t\t\t\t\t\t\t\t\t<div class=\"happyforms-form__part happyforms-part happyforms-part--single_line_text happyforms-part--width-half happyforms-part--label-show\" id=\"happyforms-92_single_line_text_1-part\" data-happyforms-type=\"single_line_text\" data-happyforms-id=\"single_line_text_1\" data-happyforms-required=\"\">\n\t<div class=\"happyforms-part-wrap\">\n\t\t\n\t\t\t\t\t\t<div class=\"happyforms-part__label-container\">\n\t\t\t\t<label for=\"happyforms-92_single_line_text_1\" class=\"happyforms-part__label\">\n\t\t\t<span class=\"label\">Votre pr\u00e9nom :<\/span>\n\t\t\t\t\t\t\t\t\t\t<span class=\"happyforms-required\">*<\/span>\n\t\t\t\t\t\t\t\t\t\t<span class=\"happyforms-optional\"><\/span>\n\t\t\t\t\t<\/label>\n\t\t\t<\/div>\n\t\t\t\n\t\t\n\t\t<div class=\"happyforms-part__el\">\n\t\t\t\n\t\t\t\n\t\t\t<div class=\"happyforms-input\">\n\t\t\t\t\n\t\t\t\t<input id=\"happyforms-92_single_line_text_1\" type=\"text\" name=\"92_single_line_text_1\" value=\"\" placeholder=\"\" autocomplete=\"off\" spellcheck=\"false\"  autocorrect=\"off\" \/>\n\t\t\t\t\t\t\t<\/div>\n\n\t\t\t\n\t\t\t\n\t\t\t\t\t<\/div>\n\t<\/div>\n<\/div>\n<div class=\"happyforms-form__part happyforms-part happyforms-part--single_line_text happyforms-part--width-half happyforms-part--label-show\" id=\"happyforms-92_single_line_text_2-part\" data-happyforms-type=\"single_line_text\" data-happyforms-id=\"single_line_text_2\" data-happyforms-required=\"\">\n\t<div class=\"happyforms-part-wrap\">\n\t\t\n\t\t\t\t\t\t<div class=\"happyforms-part__label-container\">\n\t\t\t\t<label for=\"happyforms-92_single_line_text_2\" class=\"happyforms-part__label\">\n\t\t\t<span class=\"label\">Votre nom :<\/span>\n\t\t\t\t\t\t\t\t\t\t<span class=\"happyforms-required\">*<\/span>\n\t\t\t\t\t\t\t\t\t\t<span class=\"happyforms-optional\"><\/span>\n\t\t\t\t\t<\/label>\n\t\t\t<\/div>\n\t\t\t\n\t\t\n\t\t<div class=\"happyforms-part__el\">\n\t\t\t\n\t\t\t\n\t\t\t<div class=\"happyforms-input\">\n\t\t\t\t\n\t\t\t\t<input id=\"happyforms-92_single_line_text_2\" type=\"text\" name=\"92_single_line_text_2\" value=\"\" placeholder=\"\" autocomplete=\"off\" spellcheck=\"false\"  autocorrect=\"off\" \/>\n\t\t\t\t\t\t\t<\/div>\n\n\t\t\t\n\t\t\t\n\t\t\t\t\t<\/div>\n\t<\/div>\n<\/div>\n<div class=\"happyforms-part--with-autocomplete happyforms-form__part happyforms-part happyforms-part--email happyforms-part--width-half happyforms-part--label-show\" id=\"happyforms-92_email_3-part\" data-happyforms-type=\"email\" data-happyforms-id=\"email_3\" data-happyforms-required=\"\">\n\t\t<div class=\"happyforms-part-wrap\">\n\t\t\t\t\t\t<div class=\"happyforms-part__label-container\">\n\t\t\t\t<label for=\"happyforms-92_email_3\" class=\"happyforms-part__label\">\n\t\t\t<span class=\"label\">Votre email :<\/span>\n\t\t\t\t\t\t\t\t\t\t<span class=\"happyforms-required\">*<\/span>\n\t\t\t\t\t\t\t\t\t\t<span class=\"happyforms-optional\"><\/span>\n\t\t\t\t\t<\/label>\n\t\t\t<\/div>\n\t\t\t\n\t\t\n\t\t<div class=\"happyforms-part__el\">\n\t\t\t\n\t\t\t\n\t\t\t<div class=\"happyforms-input\">\n\t\t\t\t<input type=\"email\" name=\"92_email_3\" id=\"happyforms-92_email_3\" value=\"\" placeholder=\"\" autocomplete=\"off\" spellcheck=\"false\"  autocorrect=\"off\" \/>\n\t\t\t\t\t\t\t<\/div>\n\n\t\t\t\n\t\t\t\n\t\t\t\t\t<\/div>\n\t<\/div>\n<\/div>\n<div class=\"happyforms-form__part happyforms-part happyforms-part--single_line_text happyforms-part--width-half happyforms-part--label-show\" id=\"happyforms-92_single_line_text_4-part\" data-happyforms-type=\"single_line_text\" data-happyforms-id=\"single_line_text_4\">\n\t<div class=\"happyforms-part-wrap\">\n\t\t\n\t\t\t\t\t\t<div class=\"happyforms-part__label-container\">\n\t\t\t\t<label for=\"happyforms-92_single_line_text_4\" class=\"happyforms-part__label\">\n\t\t\t<span class=\"label\">Votre t\u00e9l\u00e9phone :<\/span>\n\t\t\t\t\t\t\t\t\t\t<span class=\"happyforms-required\">*<\/span>\n\t\t\t\t\t\t\t\t\t\t<span class=\"happyforms-optional\"><\/span>\n\t\t\t\t\t<\/label>\n\t\t\t<\/div>\n\t\t\t\n\t\t\n\t\t<div class=\"happyforms-part__el\">\n\t\t\t\n\t\t\t\n\t\t\t<div class=\"happyforms-input\">\n\t\t\t\t\n\t\t\t\t<input id=\"happyforms-92_single_line_text_4\" type=\"text\" name=\"92_single_line_text_4\" value=\"\" placeholder=\"\" autocomplete=\"off\" spellcheck=\"false\"  autocorrect=\"off\" \/>\n\t\t\t\t\t\t\t<\/div>\n\n\t\t\t\n\t\t\t\n\t\t\t\t\t<\/div>\n\t<\/div>\n<\/div>\n<div class=\"happyforms-form__part happyforms-part happyforms-part--multi_line_text happyforms-part--width-full happyforms-part--label-show\" id=\"happyforms-92_multi_line_text_5-part\" data-happyforms-type=\"multi_line_text\" data-happyforms-id=\"multi_line_text_5\" data-happyforms-required=\"\">\n\t<div class=\"happyforms-part-wrap\">\n\t\t\t\t\t\t<div class=\"happyforms-part__label-container\">\n\t\t\t\t<label for=\"happyforms-92_multi_line_text_5\" class=\"happyforms-part__label\">\n\t\t\t<span class=\"label\">Votre demande :<\/span>\n\t\t\t\t\t\t\t\t\t\t<span class=\"happyforms-required\">*<\/span>\n\t\t\t\t\t\t\t\t\t\t<span class=\"happyforms-optional\"><\/span>\n\t\t\t\t\t<\/label>\n\t\t\t<\/div>\n\t\t\t\n\t\t\n\t\t<div class=\"happyforms-part__el\">\n\t\t\t\n\t\t\t\t\t\t<textarea id=\"happyforms-92_multi_line_text_5\" name=\"92_multi_line_text_5\" rows=\"5\" placeholder=\"\" autocomplete=\"off\" spellcheck=\"false\" data-length=\"2000\" data-length-mode=\"character\" autocorrect=\"off\" ><\/textarea>\n\t\t\t\n\t\t\t\t\t\t<div class=\"happyforms-part__char-counter character_max\">\n\t\t\t\t<span class=\"counter\">0<\/span>\/<span class=\"counter-limit\">2000<\/span> <span class=\"counter-label\">caract\u00e8res maximum<\/span>\t\t\t<\/div>\n\t\t\t\n\t\t\t\t\t<\/div>\n\t<\/div>\n<\/div>\n<div class=\"happyforms-part--choice display-type--block happyforms-form__part happyforms-part happyforms-part--checkbox happyforms-part--width-full happyforms-part--label-show\" id=\"happyforms-92_checkbox_6-part\" data-happyforms-type=\"checkbox\" data-happyforms-id=\"checkbox_6\" data-happyforms-required=\"\">\n\t<div class=\"happyforms-part-wrap\">\n\t\t\t<div class=\"happyforms-part__label-container\">\n\t\t\t\t<label for=\"happyforms-92_checkbox_6\" class=\"happyforms-part__label\">\n\t\t\t<span class=\"label\"><\/span>\n\t\t\t\t\t\t\t\t\t\t<span class=\"happyforms-required\">*<\/span>\n\t\t\t\t\t\t\t\t\t\t<span class=\"happyforms-optional\"><\/span>\n\t\t\t\t\t<\/label>\n\t\t\t<\/div>\n\t\n\t\t\n\t\t\n\t\t<div class=\"happyforms-part__el\">\n\t\t\t\n\t\t\t\t\t\t\t\t\t\t<div class=\"happyforms-part__option happyforms-part-option\" id=\"checkbox_6_option_1774535975005\">\n\t\t\t\t<label class=\"option-label\">\n\t\t\t\t\t<input type=\"checkbox\" class=\"happyforms-visuallyhidden happyforms-checkbox\" name=\"92_checkbox_6[]\" value=\"0\" data-serialize  autocomplete=\"off\" spellcheck=\"false\"  >\n\t\t\t\t\t<span class=\"checkmark\"><svg xmlns=\"http:\/\/www.w3.org\/2000\/svg\" width=\"12\" height=\"12\" viewBox=\"0 0 24 24\"><path fill=\"currentColor\" d=\"M20.285 2l-11.285 11.567-5.286-5.011-3.714 3.716 9 8.728 15-15.285z\"\/><\/svg><\/span>\n\t\t\t\t\t<span class=\"label-wrap\">\n\t\t\t\t\t\t<span class=\"label\">En cochant cette case, vous acceptez pleinement la politique de confidentialit\u00e9 du site.<\/span>\t\t\t\t\t<\/span>\n\t\t\t\t<\/label>\n\t\t\t\t\t\t\t<\/div>\n\t\t\t\n\t\t\t\n\t\t\t\t\t<\/div>\n\t<\/div>\n<\/div>\n<div class=\"happyforms-form__part happyforms-part happyforms-part--placeholder happyforms-part--width-full happyforms-part--label-show\" id=\"happyforms-92_placeholder_7-part\" data-happyforms-type=\"placeholder\" data-happyforms-id=\"placeholder_7\">\n\t<div class=\"happyforms-part-wrap\">\n\t\t\n\t\t\n\t\t<div class=\"happyforms-part__el\">\n\t\t\t\n\t\t\t<p>Consultez ici la <a href=\"https:\/\/elrecree.com\/index.php\/politique-de-confidentialite\/\" target=\"_blank\" rel=\"noopener\">politique de confidentialit\u00e9<\/a> du site.<br \/><br \/>* Champs obligatoires<\/p>\n\t\t\t\t\t<\/div>\n\t<\/div>\n<\/div>\n\t\t\t\t\t\t<div class=\"happyforms-form__part happyforms-part happyforms-part--submit\">\n\t\t<button type=\"submit\" class=\"happyforms-submit happyforms-button--submit \">Envoyer<\/button>\n\t<\/div>\t\t<\/div>\n\n\t\t\t<\/form>\n\n\t<\/div>\n<\/div>\n\n\n\n<div class=\"wp-block-column is-layout-flow wp-block-column-is-layout-flow\" style=\"flex-basis:33.33%\">\n<p class=\"has-text-align-center has-black-color has-text-color has-link-color wp-elements-51ed69b3ed11eb140215815430b1ae8c\" style=\"font-size:14px\"><strong>Horaires : <br><\/strong>Lundi, mercredi, jeudi, vendredi <br>De 9h \u00e0 18h30<\/p>\n\n\n\n<hr class=\"wp-block-separator has-text-color has-vivid-green-cyan-color has-alpha-channel-opacity has-vivid-green-cyan-background-color has-background\"\/>\n\n\n\n<p class=\"has-text-align-center has-black-color has-text-color has-link-color wp-elements-7920768129aa3d75471eb4f3db899181\" style=\"font-size:14px\"><i class=\"fa-solid fa-phone\"><\/i>   <a href=\"tel: +33609971789\">06 09 97 17 89<\/a><\/p>\n\n\n<div class=\"wp-block-image\">\n<figure class=\"aligncenter size-full is-resized\"><a href=\"http:\/\/tel : +33609971789\"><img loading=\"lazy\" decoding=\"async\" width=\"292\" height=\"292\" src=\"https:\/\/elrecree.com\/wp-content\/uploads\/2026\/04\/appelez-moi_ELrecree.png\" alt=\"\" class=\"wp-image-247\" style=\"width:87px;height:auto\" srcset=\"https:\/\/elrecree.com\/wp-content\/uploads\/2026\/04\/appelez-moi_ELrecree.png 292w, https:\/\/elrecree.com\/wp-content\/uploads\/2026\/04\/appelez-moi_ELrecree-150x150.png 150w, https:\/\/elrecree.com\/wp-content\/uploads\/2026\/04\/appelez-moi_ELrecree-100x100.png 100w\" sizes=\"auto, (max-width: 292px) 100vw, 292px\" \/><\/a><\/figure>\n<\/div><\/div>\n<\/div>\n","protected":false},"excerpt":{"rendered":"<p>Vous avez une demande particuli\u00e8re?Vous souhaitez redonner une seconde vie \u00e0 un v\u00eatement?Un projet personnalis\u00e9?Vous \u00eates au bon endroit pour me contacter! Je vous invite \u00e0 remplir ce formulaire ci-dessous.Je prendrai le temps de vous r\u00e9pondre. Si vous n\u2019avez pas de r\u00e9ponse de ma part, pensez \u00e0 v\u00e9rifier vos spams ou me contacter par t\u00e9l\u00e9phone. [&hellip;]<\/p>\n","protected":false},"author":1,"featured_media":0,"parent":0,"menu_order":0,"comment_status":"closed","ping_status":"closed","template":"","meta":{"ocean_post_layout":"","ocean_both_sidebars_style":"","ocean_both_sidebars_content_width":0,"ocean_both_sidebars_sidebars_width":0,"ocean_sidebar":"","ocean_second_sidebar":"","ocean_disable_margins":"enable","ocean_add_body_class":"","ocean_shortcode_before_top_bar":"","ocean_shortcode_after_top_bar":"","ocean_shortcode_before_header":"","ocean_shortcode_after_header":"","ocean_has_shortcode":"","ocean_shortcode_after_title":"","ocean_shortcode_before_footer_widgets":"","ocean_shortcode_after_footer_widgets":"","ocean_shortcode_before_footer_bottom":"","ocean_shortcode_after_footer_bottom":"","ocean_display_top_bar":"default","ocean_display_header":"default","ocean_header_style":"","ocean_center_header_left_menu":"","ocean_custom_header_template":"","ocean_custom_logo":0,"ocean_custom_retina_logo":0,"ocean_custom_logo_max_width":0,"ocean_custom_logo_tablet_max_width":0,"ocean_custom_logo_mobile_max_width":0,"ocean_custom_logo_max_height":0,"ocean_custom_logo_tablet_max_height":0,"ocean_custom_logo_mobile_max_height":0,"ocean_header_custom_menu":"","ocean_menu_typo_font_family":"","ocean_menu_typo_font_subset":"","ocean_menu_typo_font_size":0,"ocean_menu_typo_font_size_tablet":0,"ocean_menu_typo_font_size_mobile":0,"ocean_menu_typo_font_size_unit":"px","ocean_menu_typo_font_weight":"","ocean_menu_typo_font_weight_tablet":"","ocean_menu_typo_font_weight_mobile":"","ocean_menu_typo_transform":"","ocean_menu_typo_transform_tablet":"","ocean_menu_typo_transform_mobile":"","ocean_menu_typo_line_height":0,"ocean_menu_typo_line_height_tablet":0,"ocean_menu_typo_line_height_mobile":0,"ocean_menu_typo_line_height_unit":"","ocean_menu_typo_spacing":0,"ocean_menu_typo_spacing_tablet":0,"ocean_menu_typo_spacing_mobile":0,"ocean_menu_typo_spacing_unit":"","ocean_menu_link_color":"","ocean_menu_link_color_hover":"","ocean_menu_link_color_active":"","ocean_menu_link_background":"","ocean_menu_link_hover_background":"","ocean_menu_link_active_background":"","ocean_menu_social_links_bg":"","ocean_menu_social_hover_links_bg":"","ocean_menu_social_links_color":"","ocean_menu_social_hover_links_color":"","ocean_disable_title":"default","ocean_disable_heading":"default","ocean_post_title":"","ocean_post_subheading":"","ocean_post_title_style":"","ocean_post_title_background_color":"","ocean_post_title_background":0,"ocean_post_title_bg_image_position":"","ocean_post_title_bg_image_attachment":"","ocean_post_title_bg_image_repeat":"","ocean_post_title_bg_image_size":"","ocean_post_title_height":0,"ocean_post_title_bg_overlay":0.5,"ocean_post_title_bg_overlay_color":"","ocean_disable_breadcrumbs":"default","ocean_breadcrumbs_color":"","ocean_breadcrumbs_separator_color":"","ocean_breadcrumbs_links_color":"","ocean_breadcrumbs_links_hover_color":"","ocean_display_footer_widgets":"default","ocean_display_footer_bottom":"default","ocean_custom_footer_template":"","footnotes":""},"class_list":["post-30","page","type-page","status-publish","hentry","entry","owp-thumbs-layout-horizontal","owp-btn-normal","owp-tabs-layout-horizontal","has-no-thumbnails","has-product-nav"],"yoast_head":"<!-- This site is optimized with the Yoast SEO plugin v27.4 - https:\/\/yoast.com\/product\/yoast-seo-wordpress\/ -->\n<title>Me contacter - ELrecr\u00e9e<\/title>\n<meta name=\"robots\" content=\"index, follow, max-snippet:-1, max-image-preview:large, max-video-preview:-1\" \/>\n<link rel=\"canonical\" href=\"https:\/\/elrecree.com\/index.php\/me-contacter\/\" \/>\n<meta property=\"og:locale\" content=\"fr_FR\" \/>\n<meta property=\"og:type\" content=\"article\" \/>\n<meta property=\"og:title\" content=\"Me contacter - ELrecr\u00e9e\" \/>\n<meta property=\"og:description\" content=\"Vous avez une demande particuli\u00e8re?Vous souhaitez redonner une seconde vie \u00e0 un v\u00eatement?Un projet personnalis\u00e9?Vous \u00eates au bon endroit pour me contacter! Je vous invite \u00e0 remplir ce formulaire ci-dessous.Je prendrai le temps de vous r\u00e9pondre. Si vous n\u2019avez pas de r\u00e9ponse de ma part, pensez \u00e0 v\u00e9rifier vos spams ou me contacter par t\u00e9l\u00e9phone. [&hellip;]\" \/>\n<meta property=\"og:url\" content=\"https:\/\/elrecree.com\/index.php\/me-contacter\/\" \/>\n<meta property=\"og:site_name\" content=\"ELrecr\u00e9e\" \/>\n<meta property=\"article:modified_time\" content=\"2026-04-10T13:42:05+00:00\" \/>\n<meta property=\"og:image\" content=\"https:\/\/elrecree.com\/wp-content\/uploads\/2026\/04\/appelez-moi_ELrecree.png\" \/>\n\t<meta property=\"og:image:width\" content=\"292\" \/>\n\t<meta property=\"og:image:height\" content=\"292\" \/>\n\t<meta property=\"og:image:type\" content=\"image\/png\" \/>\n<meta name=\"twitter:card\" content=\"summary_large_image\" \/>\n<meta name=\"twitter:label1\" content=\"Dur\u00e9e de lecture estim\u00e9e\" \/>\n\t<meta name=\"twitter:data1\" content=\"1 minute\" \/>\n<script type=\"application\/ld+json\" class=\"yoast-schema-graph\">{\"@context\":\"https:\\\/\\\/schema.org\",\"@graph\":[{\"@type\":\"WebPage\",\"@id\":\"https:\\\/\\\/elrecree.com\\\/index.php\\\/me-contacter\\\/\",\"url\":\"https:\\\/\\\/elrecree.com\\\/index.php\\\/me-contacter\\\/\",\"name\":\"Me contacter - ELrecr\u00e9e\",\"isPartOf\":{\"@id\":\"https:\\\/\\\/elrecree.com\\\/#website\"},\"primaryImageOfPage\":{\"@id\":\"https:\\\/\\\/elrecree.com\\\/index.php\\\/me-contacter\\\/#primaryimage\"},\"image\":{\"@id\":\"https:\\\/\\\/elrecree.com\\\/index.php\\\/me-contacter\\\/#primaryimage\"},\"thumbnailUrl\":\"https:\\\/\\\/elrecree.com\\\/wp-content\\\/uploads\\\/2026\\\/04\\\/appelez-moi_ELrecree.png\",\"datePublished\":\"2026-03-19T14:18:06+00:00\",\"dateModified\":\"2026-04-10T13:42:05+00:00\",\"breadcrumb\":{\"@id\":\"https:\\\/\\\/elrecree.com\\\/index.php\\\/me-contacter\\\/#breadcrumb\"},\"inLanguage\":\"fr-FR\",\"potentialAction\":[{\"@type\":\"ReadAction\",\"target\":[\"https:\\\/\\\/elrecree.com\\\/index.php\\\/me-contacter\\\/\"]}]},{\"@type\":\"ImageObject\",\"inLanguage\":\"fr-FR\",\"@id\":\"https:\\\/\\\/elrecree.com\\\/index.php\\\/me-contacter\\\/#primaryimage\",\"url\":\"https:\\\/\\\/elrecree.com\\\/wp-content\\\/uploads\\\/2026\\\/04\\\/appelez-moi_ELrecree.png\",\"contentUrl\":\"https:\\\/\\\/elrecree.com\\\/wp-content\\\/uploads\\\/2026\\\/04\\\/appelez-moi_ELrecree.png\",\"width\":292,\"height\":292},{\"@type\":\"BreadcrumbList\",\"@id\":\"https:\\\/\\\/elrecree.com\\\/index.php\\\/me-contacter\\\/#breadcrumb\",\"itemListElement\":[{\"@type\":\"ListItem\",\"position\":1,\"name\":\"Accueil\",\"item\":\"https:\\\/\\\/elrecree.com\\\/\"},{\"@type\":\"ListItem\",\"position\":2,\"name\":\"Me contacter\"}]},{\"@type\":\"WebSite\",\"@id\":\"https:\\\/\\\/elrecree.com\\\/#website\",\"url\":\"https:\\\/\\\/elrecree.com\\\/\",\"name\":\"ELrecr\u00e9e\",\"description\":\"\",\"publisher\":{\"@id\":\"https:\\\/\\\/elrecree.com\\\/#organization\"},\"potentialAction\":[{\"@type\":\"SearchAction\",\"target\":{\"@type\":\"EntryPoint\",\"urlTemplate\":\"https:\\\/\\\/elrecree.com\\\/?s={search_term_string}\"},\"query-input\":{\"@type\":\"PropertyValueSpecification\",\"valueRequired\":true,\"valueName\":\"search_term_string\"}}],\"inLanguage\":\"fr-FR\"},{\"@type\":\"Organization\",\"@id\":\"https:\\\/\\\/elrecree.com\\\/#organization\",\"name\":\"ELrecr\u00e9e\",\"url\":\"https:\\\/\\\/elrecree.com\\\/\",\"logo\":{\"@type\":\"ImageObject\",\"inLanguage\":\"fr-FR\",\"@id\":\"https:\\\/\\\/elrecree.com\\\/#\\\/schema\\\/logo\\\/image\\\/\",\"url\":\"https:\\\/\\\/elrecree.com\\\/wp-content\\\/uploads\\\/2026\\\/04\\\/ELrecree-_Logo.png\",\"contentUrl\":\"https:\\\/\\\/elrecree.com\\\/wp-content\\\/uploads\\\/2026\\\/04\\\/ELrecree-_Logo.png\",\"width\":802,\"height\":800,\"caption\":\"ELrecr\u00e9e\"},\"image\":{\"@id\":\"https:\\\/\\\/elrecree.com\\\/#\\\/schema\\\/logo\\\/image\\\/\"}}]}<\/script>\n<!-- \/ Yoast SEO plugin. -->","yoast_head_json":{"title":"Me contacter - ELrecr\u00e9e","robots":{"index":"index","follow":"follow","max-snippet":"max-snippet:-1","max-image-preview":"max-image-preview:large","max-video-preview":"max-video-preview:-1"},"canonical":"https:\/\/elrecree.com\/index.php\/me-contacter\/","og_locale":"fr_FR","og_type":"article","og_title":"Me contacter - ELrecr\u00e9e","og_description":"Vous avez une demande particuli\u00e8re?Vous souhaitez redonner une seconde vie \u00e0 un v\u00eatement?Un projet personnalis\u00e9?Vous \u00eates au bon endroit pour me contacter! Je vous invite \u00e0 remplir ce formulaire ci-dessous.Je prendrai le temps de vous r\u00e9pondre. Si vous n\u2019avez pas de r\u00e9ponse de ma part, pensez \u00e0 v\u00e9rifier vos spams ou me contacter par t\u00e9l\u00e9phone. [&hellip;]","og_url":"https:\/\/elrecree.com\/index.php\/me-contacter\/","og_site_name":"ELrecr\u00e9e","article_modified_time":"2026-04-10T13:42:05+00:00","og_image":[{"width":292,"height":292,"url":"https:\/\/elrecree.com\/wp-content\/uploads\/2026\/04\/appelez-moi_ELrecree.png","type":"image\/png"}],"twitter_card":"summary_large_image","twitter_misc":{"Dur\u00e9e de lecture estim\u00e9e":"1 minute"},"schema":{"@context":"https:\/\/schema.org","@graph":[{"@type":"WebPage","@id":"https:\/\/elrecree.com\/index.php\/me-contacter\/","url":"https:\/\/elrecree.com\/index.php\/me-contacter\/","name":"Me contacter - ELrecr\u00e9e","isPartOf":{"@id":"https:\/\/elrecree.com\/#website"},"primaryImageOfPage":{"@id":"https:\/\/elrecree.com\/index.php\/me-contacter\/#primaryimage"},"image":{"@id":"https:\/\/elrecree.com\/index.php\/me-contacter\/#primaryimage"},"thumbnailUrl":"https:\/\/elrecree.com\/wp-content\/uploads\/2026\/04\/appelez-moi_ELrecree.png","datePublished":"2026-03-19T14:18:06+00:00","dateModified":"2026-04-10T13:42:05+00:00","breadcrumb":{"@id":"https:\/\/elrecree.com\/index.php\/me-contacter\/#breadcrumb"},"inLanguage":"fr-FR","potentialAction":[{"@type":"ReadAction","target":["https:\/\/elrecree.com\/index.php\/me-contacter\/"]}]},{"@type":"ImageObject","inLanguage":"fr-FR","@id":"https:\/\/elrecree.com\/index.php\/me-contacter\/#primaryimage","url":"https:\/\/elrecree.com\/wp-content\/uploads\/2026\/04\/appelez-moi_ELrecree.png","contentUrl":"https:\/\/elrecree.com\/wp-content\/uploads\/2026\/04\/appelez-moi_ELrecree.png","width":292,"height":292},{"@type":"BreadcrumbList","@id":"https:\/\/elrecree.com\/index.php\/me-contacter\/#breadcrumb","itemListElement":[{"@type":"ListItem","position":1,"name":"Accueil","item":"https:\/\/elrecree.com\/"},{"@type":"ListItem","position":2,"name":"Me contacter"}]},{"@type":"WebSite","@id":"https:\/\/elrecree.com\/#website","url":"https:\/\/elrecree.com\/","name":"ELrecr\u00e9e","description":"","publisher":{"@id":"https:\/\/elrecree.com\/#organization"},"potentialAction":[{"@type":"SearchAction","target":{"@type":"EntryPoint","urlTemplate":"https:\/\/elrecree.com\/?s={search_term_string}"},"query-input":{"@type":"PropertyValueSpecification","valueRequired":true,"valueName":"search_term_string"}}],"inLanguage":"fr-FR"},{"@type":"Organization","@id":"https:\/\/elrecree.com\/#organization","name":"ELrecr\u00e9e","url":"https:\/\/elrecree.com\/","logo":{"@type":"ImageObject","inLanguage":"fr-FR","@id":"https:\/\/elrecree.com\/#\/schema\/logo\/image\/","url":"https:\/\/elrecree.com\/wp-content\/uploads\/2026\/04\/ELrecree-_Logo.png","contentUrl":"https:\/\/elrecree.com\/wp-content\/uploads\/2026\/04\/ELrecree-_Logo.png","width":802,"height":800,"caption":"ELrecr\u00e9e"},"image":{"@id":"https:\/\/elrecree.com\/#\/schema\/logo\/image\/"}}]}},"_links":{"self":[{"href":"https:\/\/elrecree.com\/index.php\/wp-json\/wp\/v2\/pages\/30","targetHints":{"allow":["GET"]}}],"collection":[{"href":"https:\/\/elrecree.com\/index.php\/wp-json\/wp\/v2\/pages"}],"about":[{"href":"https:\/\/elrecree.com\/index.php\/wp-json\/wp\/v2\/types\/page"}],"author":[{"embeddable":true,"href":"https:\/\/elrecree.com\/index.php\/wp-json\/wp\/v2\/users\/1"}],"replies":[{"embeddable":true,"href":"https:\/\/elrecree.com\/index.php\/wp-json\/wp\/v2\/comments?post=30"}],"version-history":[{"count":11,"href":"https:\/\/elrecree.com\/index.php\/wp-json\/wp\/v2\/pages\/30\/revisions"}],"predecessor-version":[{"id":250,"href":"https:\/\/elrecree.com\/index.php\/wp-json\/wp\/v2\/pages\/30\/revisions\/250"}],"wp:attachment":[{"href":"https:\/\/elrecree.com\/index.php\/wp-json\/wp\/v2\/media?parent=30"}],"curies":[{"name":"wp","href":"https:\/\/api.w.org\/{rel}","templated":true}]}}