{"id":40,"date":"2026-03-19T14:36:54","date_gmt":"2026-03-19T14:36:54","guid":{"rendered":"https:\/\/elrecree.com\/?page_id=40"},"modified":"2026-03-26T08:47:19","modified_gmt":"2026-03-26T08:47:19","slug":"politique-de-confidentialite","status":"publish","type":"page","link":"https:\/\/elrecree.com\/index.php\/politique-de-confidentialite\/","title":{"rendered":"Politique de confidentialit\u00e9"},"content":{"rendered":"\n<p>Dans le cadre de notre activit\u00e9 nous sommes amen\u00e9s \u00e0 traiter des informations vous concernant. En remplissant notre formulaire de contact vous nous transmettez des informations (donn\u00e9es personnelles) de nature \u00e0 vous identifier.<\/p>\n\n\n\n<p>La pr\u00e9sente politique de confidentialit\u00e9 vous informe de la mani\u00e8re dont nous traitons ces informations. Nous vous recommandons de prendre connaissance de ce document.<\/p>\n\n\n\n<h2 class=\"wp-block-heading\">1. Collecte des informations<\/h2>\n\n\n\n<p>Nous recueillons des informations lorsque vous remplissez notre formulaire de contact.<\/p>\n\n\n\n<p>Les informations recueillies incluent obligatoirement : votre pr\u00e9nom, votre nom, votre adresse e-mail et votre demande.<\/p>\n\n\n\n<p>A ces informations peuvent s\u2019ajouter des informations telles que votre num\u00e9ro de t\u00e9l\u00e9phone.<\/p>\n\n\n\n<h2 class=\"wp-block-heading\">2. Utilisation des informations<\/h2>\n\n\n\n<p>Toutes les informations que nous recueillons peuvent \u00eatre utilis\u00e9es pour :<\/p>\n\n\n\n<p>\u00b7 vous contacter par e-mail ou par t\u00e9l\u00e9phone<\/p>\n\n\n\n<p>\u00b7 r\u00e9pondre \u00e0 vos questions, attentes ou probl\u00e9matiques<\/p>\n\n\n\n<p>\u00b7 vous proposer des solutions commerciales adapt\u00e9es \u00e0 vos demandes<\/p>\n\n\n\n<p>\u00b7 r\u00e9pondre \u00e0 vos besoins de prises en charge<\/p>\n\n\n\n<p>\u00b7 am\u00e9liorer notre service de relation client<\/p>\n\n\n\n<p>\u00b7 am\u00e9liorer notre site<\/p>\n\n\n\n<p>\u00b7 \u00e9tablir des devis, des factures en lien avec les prestations ou services demand\u00e9s<\/p>\n\n\n\n<h2 class=\"wp-block-heading\">3. Communication des informations<\/h2>\n\n\n\n<p>Nous sommes les seuls propri\u00e9taires des informations recueillies sur ce site. Vos informations personnelles ne sont pas vendues, \u00e9chang\u00e9es, transf\u00e9r\u00e9es, donn\u00e9es ou transmises de quelque fa\u00e7on que ce soit \u00e0 un tiers pour n\u2019importe quelle raison, sans votre consentement.<br><br>Dans le cadre d&rsquo;une commande en ligne, nous transmettons vos donn\u00e9es \u00e0 un transporteur parmi : Mondial Relay, Colissimo, Chronopost, Shop2Shop.<\/p>\n\n\n\n<p>Nous pouvons cependant communiquer vos informations \u00e0 un organisme gouvernemental qui fait valoir son autorit\u00e9 l\u00e9gitime d\u2019obtenir ces donn\u00e9es ou lorsque nous avons des motifs raisonnables de croire que les renseignements pourraient \u00eatre utiles dans le cadre d\u2019une enqu\u00eate visant une activit\u00e9 illicite, ou pour nous conformer \u00e0 une assignation, un mandat ou une ordonnance \u00e9manant d\u2019un tribunal, d\u2019une personne ou d\u2019un organisme comp\u00e9tent.<\/p>\n\n\n\n<h2 class=\"wp-block-heading\">4. Contr\u00f4le des informations<\/h2>\n\n\n\n<p>Vous conservez un contr\u00f4le total et un droit de regard sur les informations personnelles que vous nous transmettez.<\/p>\n\n\n\n<p>Vous pouvez exercer ce contr\u00f4le et consulter, rectifier ou demander la suppression totale ou partielle de ces informations sur simple demande \u00e9crite \u00e0 l\u2019adresse suivante : Emilie LAUNAY EI &#8211; ELrecr\u00e9e, 1 rue de l&rsquo;Arche, 72360 MAYET.<\/p>\n\n\n\n<h2 class=\"wp-block-heading\">5. Stockage des informations<\/h2>\n\n\n\n<p>Les informations recueillies par le biais de ce site sont stock\u00e9es sur des appareils num\u00e9riques, ordinateurs et serveurs locaux appartenant \u00e0 notre soci\u00e9t\u00e9. Seuls des collaborateurs de l\u2019entreprise peuvent y acc\u00e9der. Nous prenons toutes les pr\u00e9cautions techniques et organisationnelles n\u00e9cessaires et raisonnables pour pr\u00e9venir et emp\u00eacher la perte, l\u2019abus ou l\u2019alt\u00e9ration de vos informations personnelles. Nos syst\u00e8mes sont \u00e9quip\u00e9s de pare-feu et de solutions antivirales r\u00e9guli\u00e8rement mises \u00e0 jour.<\/p>\n\n\n\n<h2 class=\"wp-block-heading\">6. Dur\u00e9e de conservation des informations<\/h2>\n\n\n\n<p>Nous conservons vos informations pendant toute la dur\u00e9e n\u00e9cessaire \u00e0 la bonne conduite des \u00e9changes qui d\u00e9coulent de notre relation client \/ prestataire. Au del\u00e0 de cette relation, le d\u00e9lai de conservation ne pourra exc\u00e9der 36 mois.<\/p>\n\n\n\n<p><\/p>\n\n\n\n<h2 class=\"wp-block-heading\">7. Acceptation<\/h2>\n\n\n\n<p>Pour transmettre vos informations vous devez accepter pleinement la pr\u00e9sente politique de confidentialit\u00e9.<\/p>\n\n\n\n<p>L\u2019envoi d\u2019informations via nos formulaires ne peut se faire sans avoir coch\u00e9 au pr\u00e9alable une case qui confirme votre prise de connaissance de cette politique.<\/p>\n","protected":false},"excerpt":{"rendered":"<p>Dans le cadre de notre activit\u00e9 nous sommes amen\u00e9s \u00e0 traiter des informations vous concernant. En remplissant notre formulaire de contact vous nous transmettez des informations (donn\u00e9es personnelles) de nature \u00e0 vous identifier. La pr\u00e9sente politique de confidentialit\u00e9 vous informe de la mani\u00e8re dont nous traitons ces informations. Nous vous recommandons de prendre connaissance de [&hellip;]<\/p>\n","protected":false},"author":1,"featured_media":0,"parent":0,"menu_order":0,"comment_status":"closed","ping_status":"closed","template":"","meta":{"ocean_post_layout":"","ocean_both_sidebars_style":"","ocean_both_sidebars_content_width":0,"ocean_both_sidebars_sidebars_width":0,"ocean_sidebar":"","ocean_second_sidebar":"","ocean_disable_margins":"enable","ocean_add_body_class":"","ocean_shortcode_before_top_bar":"","ocean_shortcode_after_top_bar":"","ocean_shortcode_before_header":"","ocean_shortcode_after_header":"","ocean_has_shortcode":"","ocean_shortcode_after_title":"","ocean_shortcode_before_footer_widgets":"","ocean_shortcode_after_footer_widgets":"","ocean_shortcode_before_footer_bottom":"","ocean_shortcode_after_footer_bottom":"","ocean_display_top_bar":"default","ocean_display_header":"default","ocean_header_style":"","ocean_center_header_left_menu":"","ocean_custom_header_template":"","ocean_custom_logo":0,"ocean_custom_retina_logo":0,"ocean_custom_logo_max_width":0,"ocean_custom_logo_tablet_max_width":0,"ocean_custom_logo_mobile_max_width":0,"ocean_custom_logo_max_height":0,"ocean_custom_logo_tablet_max_height":0,"ocean_custom_logo_mobile_max_height":0,"ocean_header_custom_menu":"","ocean_menu_typo_font_family":"","ocean_menu_typo_font_subset":"","ocean_menu_typo_font_size":0,"ocean_menu_typo_font_size_tablet":0,"ocean_menu_typo_font_size_mobile":0,"ocean_menu_typo_font_size_unit":"px","ocean_menu_typo_font_weight":"","ocean_menu_typo_font_weight_tablet":"","ocean_menu_typo_font_weight_mobile":"","ocean_menu_typo_transform":"","ocean_menu_typo_transform_tablet":"","ocean_menu_typo_transform_mobile":"","ocean_menu_typo_line_height":0,"ocean_menu_typo_line_height_tablet":0,"ocean_menu_typo_line_height_mobile":0,"ocean_menu_typo_line_height_unit":"","ocean_menu_typo_spacing":0,"ocean_menu_typo_spacing_tablet":0,"ocean_menu_typo_spacing_mobile":0,"ocean_menu_typo_spacing_unit":"","ocean_menu_link_color":"","ocean_menu_link_color_hover":"","ocean_menu_link_color_active":"","ocean_menu_link_background":"","ocean_menu_link_hover_background":"","ocean_menu_link_active_background":"","ocean_menu_social_links_bg":"","ocean_menu_social_hover_links_bg":"","ocean_menu_social_links_color":"","ocean_menu_social_hover_links_color":"","ocean_disable_title":"default","ocean_disable_heading":"default","ocean_post_title":"","ocean_post_subheading":"","ocean_post_title_style":"","ocean_post_title_background_color":"","ocean_post_title_background":0,"ocean_post_title_bg_image_position":"","ocean_post_title_bg_image_attachment":"","ocean_post_title_bg_image_repeat":"","ocean_post_title_bg_image_size":"","ocean_post_title_height":0,"ocean_post_title_bg_overlay":0.5,"ocean_post_title_bg_overlay_color":"","ocean_disable_breadcrumbs":"default","ocean_breadcrumbs_color":"","ocean_breadcrumbs_separator_color":"","ocean_breadcrumbs_links_color":"","ocean_breadcrumbs_links_hover_color":"","ocean_display_footer_widgets":"default","ocean_display_footer_bottom":"default","ocean_custom_footer_template":"","footnotes":""},"class_list":["post-40","page","type-page","status-publish","hentry","entry","owp-thumbs-layout-horizontal","owp-btn-normal","owp-tabs-layout-horizontal","has-no-thumbnails","has-product-nav"],"yoast_head":"<!-- This site is optimized with the Yoast SEO plugin v27.4 - https:\/\/yoast.com\/product\/yoast-seo-wordpress\/ -->\n<title>Politique de confidentialit\u00e9 - ELrecr\u00e9e<\/title>\n<meta name=\"robots\" content=\"index, follow, max-snippet:-1, max-image-preview:large, max-video-preview:-1\" \/>\n<link rel=\"canonical\" href=\"https:\/\/elrecree.com\/index.php\/politique-de-confidentialite\/\" \/>\n<meta property=\"og:locale\" content=\"fr_FR\" \/>\n<meta property=\"og:type\" content=\"article\" \/>\n<meta property=\"og:title\" content=\"Politique de confidentialit\u00e9 - ELrecr\u00e9e\" \/>\n<meta property=\"og:description\" content=\"Dans le cadre de notre activit\u00e9 nous sommes amen\u00e9s \u00e0 traiter des informations vous concernant. En remplissant notre formulaire de contact vous nous transmettez des informations (donn\u00e9es personnelles) de nature \u00e0 vous identifier. La pr\u00e9sente politique de confidentialit\u00e9 vous informe de la mani\u00e8re dont nous traitons ces informations. Nous vous recommandons de prendre connaissance de [&hellip;]\" \/>\n<meta property=\"og:url\" content=\"https:\/\/elrecree.com\/index.php\/politique-de-confidentialite\/\" \/>\n<meta property=\"og:site_name\" content=\"ELrecr\u00e9e\" \/>\n<meta property=\"article:modified_time\" content=\"2026-03-26T08:47:19+00:00\" \/>\n<meta name=\"twitter:card\" content=\"summary_large_image\" \/>\n<meta name=\"twitter:label1\" content=\"Dur\u00e9e de lecture estim\u00e9e\" \/>\n\t<meta name=\"twitter:data1\" content=\"3 minutes\" \/>\n<script type=\"application\/ld+json\" class=\"yoast-schema-graph\">{\"@context\":\"https:\\\/\\\/schema.org\",\"@graph\":[{\"@type\":\"WebPage\",\"@id\":\"https:\\\/\\\/elrecree.com\\\/index.php\\\/politique-de-confidentialite\\\/\",\"url\":\"https:\\\/\\\/elrecree.com\\\/index.php\\\/politique-de-confidentialite\\\/\",\"name\":\"Politique de confidentialit\u00e9 - ELrecr\u00e9e\",\"isPartOf\":{\"@id\":\"https:\\\/\\\/elrecree.com\\\/#website\"},\"datePublished\":\"2026-03-19T14:36:54+00:00\",\"dateModified\":\"2026-03-26T08:47:19+00:00\",\"breadcrumb\":{\"@id\":\"https:\\\/\\\/elrecree.com\\\/index.php\\\/politique-de-confidentialite\\\/#breadcrumb\"},\"inLanguage\":\"fr-FR\",\"potentialAction\":[{\"@type\":\"ReadAction\",\"target\":[\"https:\\\/\\\/elrecree.com\\\/index.php\\\/politique-de-confidentialite\\\/\"]}]},{\"@type\":\"BreadcrumbList\",\"@id\":\"https:\\\/\\\/elrecree.com\\\/index.php\\\/politique-de-confidentialite\\\/#breadcrumb\",\"itemListElement\":[{\"@type\":\"ListItem\",\"position\":1,\"name\":\"Accueil\",\"item\":\"https:\\\/\\\/elrecree.com\\\/\"},{\"@type\":\"ListItem\",\"position\":2,\"name\":\"Politique de confidentialit\u00e9\"}]},{\"@type\":\"WebSite\",\"@id\":\"https:\\\/\\\/elrecree.com\\\/#website\",\"url\":\"https:\\\/\\\/elrecree.com\\\/\",\"name\":\"ELrecr\u00e9e\",\"description\":\"\",\"publisher\":{\"@id\":\"https:\\\/\\\/elrecree.com\\\/#organization\"},\"potentialAction\":[{\"@type\":\"SearchAction\",\"target\":{\"@type\":\"EntryPoint\",\"urlTemplate\":\"https:\\\/\\\/elrecree.com\\\/?s={search_term_string}\"},\"query-input\":{\"@type\":\"PropertyValueSpecification\",\"valueRequired\":true,\"valueName\":\"search_term_string\"}}],\"inLanguage\":\"fr-FR\"},{\"@type\":\"Organization\",\"@id\":\"https:\\\/\\\/elrecree.com\\\/#organization\",\"name\":\"ELrecr\u00e9e\",\"url\":\"https:\\\/\\\/elrecree.com\\\/\",\"logo\":{\"@type\":\"ImageObject\",\"inLanguage\":\"fr-FR\",\"@id\":\"https:\\\/\\\/elrecree.com\\\/#\\\/schema\\\/logo\\\/image\\\/\",\"url\":\"https:\\\/\\\/elrecree.com\\\/wp-content\\\/uploads\\\/2026\\\/04\\\/ELrecree-_Logo.png\",\"contentUrl\":\"https:\\\/\\\/elrecree.com\\\/wp-content\\\/uploads\\\/2026\\\/04\\\/ELrecree-_Logo.png\",\"width\":802,\"height\":800,\"caption\":\"ELrecr\u00e9e\"},\"image\":{\"@id\":\"https:\\\/\\\/elrecree.com\\\/#\\\/schema\\\/logo\\\/image\\\/\"}}]}<\/script>\n<!-- \/ Yoast SEO plugin. -->","yoast_head_json":{"title":"Politique de confidentialit\u00e9 - ELrecr\u00e9e","robots":{"index":"index","follow":"follow","max-snippet":"max-snippet:-1","max-image-preview":"max-image-preview:large","max-video-preview":"max-video-preview:-1"},"canonical":"https:\/\/elrecree.com\/index.php\/politique-de-confidentialite\/","og_locale":"fr_FR","og_type":"article","og_title":"Politique de confidentialit\u00e9 - ELrecr\u00e9e","og_description":"Dans le cadre de notre activit\u00e9 nous sommes amen\u00e9s \u00e0 traiter des informations vous concernant. En remplissant notre formulaire de contact vous nous transmettez des informations (donn\u00e9es personnelles) de nature \u00e0 vous identifier. La pr\u00e9sente politique de confidentialit\u00e9 vous informe de la mani\u00e8re dont nous traitons ces informations. Nous vous recommandons de prendre connaissance de [&hellip;]","og_url":"https:\/\/elrecree.com\/index.php\/politique-de-confidentialite\/","og_site_name":"ELrecr\u00e9e","article_modified_time":"2026-03-26T08:47:19+00:00","twitter_card":"summary_large_image","twitter_misc":{"Dur\u00e9e de lecture estim\u00e9e":"3 minutes"},"schema":{"@context":"https:\/\/schema.org","@graph":[{"@type":"WebPage","@id":"https:\/\/elrecree.com\/index.php\/politique-de-confidentialite\/","url":"https:\/\/elrecree.com\/index.php\/politique-de-confidentialite\/","name":"Politique de confidentialit\u00e9 - ELrecr\u00e9e","isPartOf":{"@id":"https:\/\/elrecree.com\/#website"},"datePublished":"2026-03-19T14:36:54+00:00","dateModified":"2026-03-26T08:47:19+00:00","breadcrumb":{"@id":"https:\/\/elrecree.com\/index.php\/politique-de-confidentialite\/#breadcrumb"},"inLanguage":"fr-FR","potentialAction":[{"@type":"ReadAction","target":["https:\/\/elrecree.com\/index.php\/politique-de-confidentialite\/"]}]},{"@type":"BreadcrumbList","@id":"https:\/\/elrecree.com\/index.php\/politique-de-confidentialite\/#breadcrumb","itemListElement":[{"@type":"ListItem","position":1,"name":"Accueil","item":"https:\/\/elrecree.com\/"},{"@type":"ListItem","position":2,"name":"Politique de confidentialit\u00e9"}]},{"@type":"WebSite","@id":"https:\/\/elrecree.com\/#website","url":"https:\/\/elrecree.com\/","name":"ELrecr\u00e9e","description":"","publisher":{"@id":"https:\/\/elrecree.com\/#organization"},"potentialAction":[{"@type":"SearchAction","target":{"@type":"EntryPoint","urlTemplate":"https:\/\/elrecree.com\/?s={search_term_string}"},"query-input":{"@type":"PropertyValueSpecification","valueRequired":true,"valueName":"search_term_string"}}],"inLanguage":"fr-FR"},{"@type":"Organization","@id":"https:\/\/elrecree.com\/#organization","name":"ELrecr\u00e9e","url":"https:\/\/elrecree.com\/","logo":{"@type":"ImageObject","inLanguage":"fr-FR","@id":"https:\/\/elrecree.com\/#\/schema\/logo\/image\/","url":"https:\/\/elrecree.com\/wp-content\/uploads\/2026\/04\/ELrecree-_Logo.png","contentUrl":"https:\/\/elrecree.com\/wp-content\/uploads\/2026\/04\/ELrecree-_Logo.png","width":802,"height":800,"caption":"ELrecr\u00e9e"},"image":{"@id":"https:\/\/elrecree.com\/#\/schema\/logo\/image\/"}}]}},"_links":{"self":[{"href":"https:\/\/elrecree.com\/index.php\/wp-json\/wp\/v2\/pages\/40","targetHints":{"allow":["GET"]}}],"collection":[{"href":"https:\/\/elrecree.com\/index.php\/wp-json\/wp\/v2\/pages"}],"about":[{"href":"https:\/\/elrecree.com\/index.php\/wp-json\/wp\/v2\/types\/page"}],"author":[{"embeddable":true,"href":"https:\/\/elrecree.com\/index.php\/wp-json\/wp\/v2\/users\/1"}],"replies":[{"embeddable":true,"href":"https:\/\/elrecree.com\/index.php\/wp-json\/wp\/v2\/comments?post=40"}],"version-history":[{"count":3,"href":"https:\/\/elrecree.com\/index.php\/wp-json\/wp\/v2\/pages\/40\/revisions"}],"predecessor-version":[{"id":58,"href":"https:\/\/elrecree.com\/index.php\/wp-json\/wp\/v2\/pages\/40\/revisions\/58"}],"wp:attachment":[{"href":"https:\/\/elrecree.com\/index.php\/wp-json\/wp\/v2\/media?parent=40"}],"curies":[{"name":"wp","href":"https:\/\/api.w.org\/{rel}","templated":true}]}}